{"id":1223,"date":"2020-10-05T11:23:25","date_gmt":"2020-10-05T14:23:25","guid":{"rendered":"https:\/\/qi11.qodeinteractive.com\/?page_id=15"},"modified":"2026-04-01T14:17:16","modified_gmt":"2026-04-01T17:17:16","slug":"home","status":"publish","type":"page","link":"https:\/\/labruncheria.espaciosaintmari.com.ar\/","title":{"rendered":"Home"},"content":{"rendered":"\t\t<div data-elementor-type=\"wp-page\" data-elementor-id=\"1223\" class=\"elementor elementor-1223\">\n\t\t\t\t\t\t<section class=\"elementor-section elementor-top-section elementor-element elementor-element-7b66d4e elementor-section-full_width elementor-section-height-min-height elementor-section-items-bottom elementor-section-height-default qodef-elementor-content-no\" data-id=\"7b66d4e\" data-element_type=\"section\" data-e-type=\"section\" data-settings=\"{&quot;background_background&quot;:&quot;classic&quot;}\">\n\t\t\t\t\t\t\t<div class=\"elementor-background-overlay\"><\/div>\n\t\t\t\t\t\t\t<div class=\"elementor-container elementor-column-gap-no\">\n\t\t\t\t\t<div class=\"elementor-column elementor-col-100 elementor-top-column elementor-element elementor-element-0a6522d\" data-id=\"0a6522d\" data-element_type=\"column\" data-e-type=\"column\">\n\t\t\t<div class=\"elementor-widget-wrap elementor-element-populated\">\n\t\t\t\t\t\t<section class=\"elementor-section elementor-inner-section elementor-element elementor-element-e404003 elementor-section-full_width qodef-elementor-content-grid elementor-section-height-default elementor-section-height-default\" data-id=\"e404003\" data-element_type=\"section\" data-e-type=\"section\">\n\t\t\t\t\t\t<div class=\"elementor-container elementor-column-gap-no\">\n\t\t\t\t\t<div class=\"elementor-column elementor-col-50 elementor-inner-column elementor-element elementor-element-7f8b258\" data-id=\"7f8b258\" data-element_type=\"column\" data-e-type=\"column\">\n\t\t\t<div class=\"elementor-widget-wrap elementor-element-populated\">\n\t\t\t\t\t\t<div class=\"elementor-element elementor-element-8a74635 elementor-widget elementor-widget-text-editor\" data-id=\"8a74635\" data-element_type=\"widget\" data-e-type=\"widget\" data-widget_type=\"text-editor.default\">\n\t\t\t\t<div class=\"elementor-widget-container\">\n\t\t\t\t\t\t\t\t\t<h1><span style=\"color: #ffffff;\">Mucho m\u00e1s que un caf\u00e9.<\/span><\/h1>\t\t\t\t\t\t\t\t<\/div>\n\t\t\t\t<\/div>\n\t\t\t\t\t<\/div>\n\t\t<\/div>\n\t\t\t\t<div class=\"elementor-column elementor-col-50 elementor-inner-column elementor-element elementor-element-59ae1c2\" data-id=\"59ae1c2\" data-element_type=\"column\" data-e-type=\"column\">\n\t\t\t<div class=\"elementor-widget-wrap\">\n\t\t\t\t\t\t\t<\/div>\n\t\t<\/div>\n\t\t\t\t\t<\/div>\n\t\t<\/section>\n\t\t\t\t<section class=\"elementor-section elementor-inner-section elementor-element elementor-element-41057aa elementor-section-full_width qodef-elementor-content-grid elementor-section-height-default elementor-section-height-default\" data-id=\"41057aa\" data-element_type=\"section\" data-e-type=\"section\">\n\t\t\t\t\t\t<div class=\"elementor-container elementor-column-gap-no\">\n\t\t\t\t\t<div class=\"elementor-column elementor-col-100 elementor-inner-column elementor-element elementor-element-8e30619\" data-id=\"8e30619\" data-element_type=\"column\" data-e-type=\"column\">\n\t\t\t<div class=\"elementor-widget-wrap\">\n\t\t\t\t\t\t\t<\/div>\n\t\t<\/div>\n\t\t\t\t\t<\/div>\n\t\t<\/section>\n\t\t\t\t\t<\/div>\n\t\t<\/div>\n\t\t\t\t\t<\/div>\n\t\t<\/section>\n\t\t\t\t<section class=\"elementor-section elementor-top-section elementor-element elementor-element-0e83fb5 elementor-section-full_width elementor-section-height-default elementor-section-height-default qodef-elementor-content-no\" data-id=\"0e83fb5\" data-element_type=\"section\" data-e-type=\"section\" data-settings=\"{&quot;background_background&quot;:&quot;classic&quot;}\">\n\t\t\t\t\t\t<div class=\"elementor-container elementor-column-gap-default\">\n\t\t\t\t\t<div class=\"elementor-column elementor-col-100 elementor-top-column elementor-element elementor-element-3a35750\" data-id=\"3a35750\" data-element_type=\"column\" data-e-type=\"column\">\n\t\t\t<div class=\"elementor-widget-wrap elementor-element-populated\">\n\t\t\t\t\t\t<div class=\"elementor-element elementor-element-cefe69a elementor-widget elementor-widget-shortcode\" data-id=\"cefe69a\" data-element_type=\"widget\" data-e-type=\"widget\" data-widget_type=\"shortcode.default\">\n\t\t\t\t<div class=\"elementor-widget-container\">\n\t\t\t\t\t\t\t<div class=\"elementor-shortcode\">        <div\n            class=\"spotlight-instagram-feed\"\n            data-feed-var=\"221366f9\"\n            data-analytics=\"0\"\n            data-instance=\"1223\"\n        >\n        <\/div>\n        <input type=\"hidden\" id=\"sli__f__221366f9\" data-json='{&quot;useCase&quot;:&quot;accounts&quot;,&quot;template&quot;:&quot;row&quot;,&quot;layout&quot;:&quot;grid&quot;,&quot;numColumns&quot;:{&quot;desktop&quot;:6,&quot;phone&quot;:3,&quot;tablet&quot;:5},&quot;highlightFreq&quot;:{&quot;desktop&quot;:7},&quot;sliderNumScrollPosts&quot;:{&quot;desktop&quot;:1},&quot;sliderInfinite&quot;:true,&quot;sliderLoop&quot;:false,&quot;sliderArrowPos&quot;:{&quot;desktop&quot;:&quot;inside&quot;},&quot;sliderArrowSize&quot;:{&quot;desktop&quot;:20},&quot;sliderArrowColor&quot;:{&quot;r&quot;:255,&quot;b&quot;:255,&quot;g&quot;:255,&quot;a&quot;:1},&quot;sliderArrowBgColor&quot;:{&quot;r&quot;:0,&quot;b&quot;:0,&quot;g&quot;:0,&quot;a&quot;:0.8000000000000000444089209850062616169452667236328125},&quot;sliderAutoScroll&quot;:false,&quot;sliderAutoInterval&quot;:3,&quot;postOrder&quot;:&quot;date_desc&quot;,&quot;numPosts&quot;:{&quot;desktop&quot;:6,&quot;phone&quot;:3,&quot;tablet&quot;:5},&quot;linkBehavior&quot;:{&quot;desktop&quot;:&quot;lightbox&quot;},&quot;feedWidth&quot;:{&quot;desktop&quot;:0},&quot;feedHeight&quot;:{&quot;desktop&quot;:0},&quot;feedPadding&quot;:{&quot;desktop&quot;:0,&quot;tablet&quot;:0,&quot;phone&quot;:0},&quot;imgPadding&quot;:{&quot;desktop&quot;:0,&quot;tablet&quot;:0,&quot;phone&quot;:0},&quot;textSize&quot;:{&quot;desktop&quot;:0,&quot;tablet&quot;:0,&quot;phone&quot;:0},&quot;bgColor&quot;:{&quot;r&quot;:255,&quot;g&quot;:255,&quot;b&quot;:255,&quot;a&quot;:1},&quot;hoverInfo&quot;:[&quot;likes_comments&quot;,&quot;insta_link&quot;,&quot;date&quot;],&quot;textColorHover&quot;:{&quot;r&quot;:255,&quot;g&quot;:255,&quot;b&quot;:255,&quot;a&quot;:1},&quot;bgColorHover&quot;:{&quot;r&quot;:0,&quot;g&quot;:0,&quot;b&quot;:0,&quot;a&quot;:0.5},&quot;showHeader&quot;:{&quot;desktop&quot;:false},&quot;headerInfo&quot;:{&quot;desktop&quot;:[&quot;profile_pic&quot;,&quot;bio&quot;]},&quot;headerAccount&quot;:null,&quot;headerStyle&quot;:{&quot;desktop&quot;:&quot;normal&quot;,&quot;phone&quot;:&quot;centered&quot;},&quot;headerTextSize&quot;:{&quot;desktop&quot;:0},&quot;headerPhotoSize&quot;:{&quot;desktop&quot;:50},&quot;headerTextColor&quot;:{&quot;r&quot;:0,&quot;g&quot;:0,&quot;b&quot;:0,&quot;a&quot;:1},&quot;headerBgColor&quot;:{&quot;r&quot;:255,&quot;g&quot;:255,&quot;b&quot;:255,&quot;a&quot;:1},&quot;headerPadding&quot;:{&quot;desktop&quot;:0},&quot;customProfilePic&quot;:&quot;&quot;,&quot;customBioText&quot;:&quot;&quot;,&quot;includeStories&quot;:false,&quot;storiesInterval&quot;:5,&quot;showCaptions&quot;:{&quot;desktop&quot;:false,&quot;tablet&quot;:false},&quot;captionMaxLength&quot;:{&quot;desktop&quot;:0},&quot;captionRemoveDots&quot;:false,&quot;captionSize&quot;:{&quot;desktop&quot;:0},&quot;captionColor&quot;:{&quot;r&quot;:0,&quot;g&quot;:0,&quot;b&quot;:0,&quot;a&quot;:1},&quot;showLikes&quot;:{&quot;desktop&quot;:false,&quot;tablet&quot;:false},&quot;showComments&quot;:{&quot;desktop&quot;:false,&quot;tablet&quot;:false},&quot;lcIconSize&quot;:{&quot;desktop&quot;:14},&quot;likesIconColor&quot;:{&quot;r&quot;:0,&quot;g&quot;:0,&quot;b&quot;:0,&quot;a&quot;:1},&quot;commentsIconColor&quot;:{&quot;r&quot;:0,&quot;g&quot;:0,&quot;b&quot;:0,&quot;a&quot;:1},&quot;lightboxShowSidebar&quot;:false,&quot;lightboxCtaStyle&quot;:&quot;link&quot;,&quot;lightboxCtaDesign&quot;:{&quot;text&quot;:{&quot;color&quot;:{&quot;r&quot;:0,&quot;g&quot;:0,&quot;b&quot;:0,&quot;a&quot;:1},&quot;align&quot;:&quot;center&quot;},&quot;bgColor&quot;:{&quot;r&quot;:230,&quot;g&quot;:230,&quot;b&quot;:230,&quot;a&quot;:1},&quot;border&quot;:{&quot;radius&quot;:3}},&quot;numLightboxComments&quot;:50,&quot;showLoadMoreBtn&quot;:{&quot;desktop&quot;:false},&quot;loadMoreBtnDesign&quot;:{&quot;text&quot;:{&quot;color&quot;:{&quot;r&quot;:255,&quot;g&quot;:255,&quot;b&quot;:255,&quot;a&quot;:1},&quot;align&quot;:&quot;center&quot;},&quot;border&quot;:{&quot;radius&quot;:3},&quot;bgColor&quot;:{&quot;r&quot;:0,&quot;g&quot;:149,&quot;b&quot;:246,&quot;a&quot;:1},&quot;margin&quot;:{&quot;top&quot;:0,&quot;bottom&quot;:0,&quot;left&quot;:0,&quot;right&quot;:0}},&quot;loadMoreBtnText&quot;:&quot;Load more&quot;,&quot;loadMoreBtnScroll&quot;:true,&quot;autoload&quot;:false,&quot;showFollowBtn&quot;:{&quot;desktop&quot;:false,&quot;phone&quot;:false},&quot;followBtnText&quot;:&quot;Follow on Instagram&quot;,&quot;followBtnDesign&quot;:{&quot;text&quot;:{&quot;color&quot;:{&quot;r&quot;:255,&quot;g&quot;:255,&quot;b&quot;:255,&quot;a&quot;:1},&quot;align&quot;:&quot;center&quot;},&quot;border&quot;:{&quot;radius&quot;:3},&quot;bgColor&quot;:{&quot;r&quot;:0,&quot;g&quot;:149,&quot;b&quot;:246,&quot;a&quot;:1},&quot;margin&quot;:{&quot;top&quot;:0,&quot;bottom&quot;:0,&quot;left&quot;:0,&quot;right&quot;:0}},&quot;followBtnLocation&quot;:{&quot;desktop&quot;:&quot;header&quot;,&quot;phone&quot;:&quot;bottom&quot;},&quot;alignFooterButtons&quot;:{&quot;desktop&quot;:false},&quot;customCss&quot;:&quot;\\\/* Enter your custom CSS below *\\\/\\n\\n&quot;,&quot;accounts&quot;:[1484],&quot;tagged&quot;:[],&quot;hashtags&quot;:[],&quot;mediaType&quot;:&quot;all&quot;,&quot;hashtagWhitelist&quot;:[],&quot;hashtagBlacklist&quot;:[],&quot;captionWhitelist&quot;:[],&quot;captionBlacklist&quot;:[],&quot;hashtagWhitelistSettings&quot;:true,&quot;hashtagBlacklistSettings&quot;:true,&quot;captionWhitelistSettings&quot;:true,&quot;captionBlacklistSettings&quot;:true,&quot;moderation&quot;:[],&quot;moderationMode&quot;:&quot;blacklist&quot;,&quot;promosVersion&quot;:2,&quot;promosEnabled&quot;:true,&quot;globalPromosEnabled&quot;:true,&quot;autoPromosEnabled&quot;:true,&quot;promoOverrides&quot;:[],&quot;feedPromo&quot;:{&quot;linkSource&quot;:{&quot;type&quot;:null},&quot;linkBehavior&quot;:{&quot;openNewTab&quot;:false,&quot;showPopupBox&quot;:false},&quot;linkText&quot;:&quot;&quot;},&quot;gaCampaignSource&quot;:&quot;&quot;,&quot;gaCampaignMedium&quot;:&quot;&quot;,&quot;gaCampaignName&quot;:&quot;&quot;}' \/>\n        <input type=\"hidden\" id=\"sli__a__221366f9\" data-json='[{&quot;id&quot;:1484,&quot;type&quot;:&quot;BUSINESS&quot;,&quot;userId&quot;:&quot;17841456614237789&quot;,&quot;username&quot;:&quot;labruncheria.mza&quot;,&quot;bio&quot;:&quot;Reservas por Wsp\\ud83d\\udcf1 261 205-2513 \\nEncontranos en Patricias Mendocinas 844 @mendozaespaciosaintmari \\u2728\\nMir\\u00e1 nuestra carta ac\\u00e1 \\ud83d\\udc47\\ud83c\\udffc&quot;,&quot;customBio&quot;:&quot;&quot;,&quot;profilePicUrl&quot;:&quot;https:\\\/\\\/scontent-mia3-3.xx.fbcdn.net\\\/v\\\/t51.82787-15\\\/611013145_17993566139887142_3531260536331332855_n.jpg?_nc_cat=110&amp;ccb=1-7&amp;_nc_sid=7d201b&amp;_nc_eui2=AeH3wIwieFDY5fnb0SenmLtdiNEhJc7KUi6I0SElzspSLoX9ndHx4PbHNjPqw5zkBvUUpgRW3Wzeu-GqGry6YJjL&amp;_nc_ohc=Y6HQk6a7Vg4Q7kNvwEe0fRM&amp;_nc_oc=Adkhag6UndQKdv1s56JSb1WdkUlP6f795iysp-Dr3dcUw5Y0xY3j1VfWTte2dahTHMg&amp;_nc_zt=23&amp;_nc_ht=scontent-mia3-3.xx&amp;edm=AL-3X8kEAAAA&amp;_nc_gid=Rdr5TYWPSgLzRBsTRSRVPQ&amp;oh=00_AfxbiUGEqw3tp9AIuoNM474WLiO3VBeNpH7yEJCFmvHh4g&amp;oe=69B26936&quot;,&quot;customProfilePicUrl&quot;:&quot;&quot;,&quot;mediaCount&quot;:&quot;493&quot;,&quot;followersCount&quot;:&quot;10716&quot;,&quot;usages&quot;:[],&quot;creationDate&quot;:&quot;2023-07-05 21:58:22&quot;}]' \/>\n        <input type=\"hidden\" id=\"sli__m__221366f9\" data-json='[]' \/>\n        <\/div>\n\t\t\t\t\t\t<\/div>\n\t\t\t\t<\/div>\n\t\t\t\t\t<\/div>\n\t\t<\/div>\n\t\t\t\t\t<\/div>\n\t\t<\/section>\n\t\t\t\t<section class=\"elementor-section elementor-top-section elementor-element elementor-element-714fc86 elementor-section-height-min-height elementor-section-boxed elementor-section-height-default elementor-section-items-middle qodef-elementor-content-no\" data-id=\"714fc86\" data-element_type=\"section\" data-e-type=\"section\" id=\"menu\" data-settings=\"{&quot;background_background&quot;:&quot;classic&quot;}\">\n\t\t\t\t\t\t\t<div class=\"elementor-background-overlay\"><\/div>\n\t\t\t\t\t\t\t<div class=\"elementor-container elementor-column-gap-default\">\n\t\t\t\t\t<div class=\"elementor-column elementor-col-50 elementor-top-column elementor-element elementor-element-dfff5a2\" data-id=\"dfff5a2\" data-element_type=\"column\" data-e-type=\"column\">\n\t\t\t<div class=\"elementor-widget-wrap elementor-element-populated\">\n\t\t\t\t\t\t<div class=\"elementor-element elementor-element-ddebc1e elementor-widget elementor-widget-image\" data-id=\"ddebc1e\" data-element_type=\"widget\" data-e-type=\"widget\" data-widget_type=\"image.default\">\n\t\t\t\t<div class=\"elementor-widget-container\">\n\t\t\t\t\t\t\t\t\t\t\t\t\t\t\t<img fetchpriority=\"high\" decoding=\"async\" width=\"1024\" height=\"447\" src=\"https:\/\/labruncheria.espaciosaintmari.com.ar\/wp-content\/uploads\/2022\/11\/Recurso-2-1024x447.png\" class=\"attachment-large size-large wp-image-1299\" alt=\"\" srcset=\"https:\/\/labruncheria.espaciosaintmari.com.ar\/wp-content\/uploads\/2022\/11\/Recurso-2-1024x447.png 1024w, https:\/\/labruncheria.espaciosaintmari.com.ar\/wp-content\/uploads\/2022\/11\/Recurso-2-300x131.png 300w, https:\/\/labruncheria.espaciosaintmari.com.ar\/wp-content\/uploads\/2022\/11\/Recurso-2-768x335.png 768w, https:\/\/labruncheria.espaciosaintmari.com.ar\/wp-content\/uploads\/2022\/11\/Recurso-2-1536x671.png 1536w, https:\/\/labruncheria.espaciosaintmari.com.ar\/wp-content\/uploads\/2022\/11\/Recurso-2-2048x894.png 2048w\" sizes=\"(max-width: 1024px) 100vw, 1024px\" \/>\t\t\t\t\t\t\t\t\t\t\t\t\t\t\t<\/div>\n\t\t\t\t<\/div>\n\t\t\t\t\t<\/div>\n\t\t<\/div>\n\t\t\t\t<div class=\"elementor-column elementor-col-50 elementor-top-column elementor-element elementor-element-9fea3d0\" data-id=\"9fea3d0\" data-element_type=\"column\" data-e-type=\"column\">\n\t\t\t<div class=\"elementor-widget-wrap elementor-element-populated\">\n\t\t\t\t\t\t<div class=\"elementor-element elementor-element-df6b55a elementor-align-center e-transform elementor-widget elementor-widget-button\" data-id=\"df6b55a\" data-element_type=\"widget\" data-e-type=\"widget\" data-settings=\"{&quot;_transform_scale_effect_hover&quot;:{&quot;unit&quot;:&quot;px&quot;,&quot;size&quot;:1.3000000000000000444089209850062616169452667236328125,&quot;sizes&quot;:[]},&quot;_transform_scale_effect_hover_tablet&quot;:{&quot;unit&quot;:&quot;px&quot;,&quot;size&quot;:&quot;&quot;,&quot;sizes&quot;:[]},&quot;_transform_scale_effect_hover_mobile&quot;:{&quot;unit&quot;:&quot;px&quot;,&quot;size&quot;:&quot;&quot;,&quot;sizes&quot;:[]}}\" data-widget_type=\"button.default\">\n\t\t\t\t<div class=\"elementor-widget-container\">\n\t\t\t\t\t\t\t\t\t<div class=\"elementor-button-wrapper\">\n\t\t\t\t\t<a class=\"elementor-button elementor-button-link elementor-size-sm\" href=\"https:\/\/labruncheria.espaciosaintmari.com.ar\/menu\">\n\t\t\t\t\t\t<span class=\"elementor-button-content-wrapper\">\n\t\t\t\t\t\t\t\t\t<span class=\"elementor-button-text\">MEN\u00da<\/span>\n\t\t\t\t\t<\/span>\n\t\t\t\t\t<\/a>\n\t\t\t\t<\/div>\n\t\t\t\t\t\t\t\t<\/div>\n\t\t\t\t<\/div>\n\t\t\t\t<div class=\"elementor-element elementor-element-0805fbc elementor-align-center e-transform elementor-widget elementor-widget-button\" data-id=\"0805fbc\" data-element_type=\"widget\" data-e-type=\"widget\" data-settings=\"{&quot;_transform_scale_effect_hover&quot;:{&quot;unit&quot;:&quot;px&quot;,&quot;size&quot;:1.3000000000000000444089209850062616169452667236328125,&quot;sizes&quot;:[]},&quot;_transform_scale_effect_hover_tablet&quot;:{&quot;unit&quot;:&quot;px&quot;,&quot;size&quot;:&quot;&quot;,&quot;sizes&quot;:[]},&quot;_transform_scale_effect_hover_mobile&quot;:{&quot;unit&quot;:&quot;px&quot;,&quot;size&quot;:&quot;&quot;,&quot;sizes&quot;:[]}}\" data-widget_type=\"button.default\">\n\t\t\t\t<div class=\"elementor-widget-container\">\n\t\t\t\t\t\t\t\t\t<div class=\"elementor-button-wrapper\">\n\t\t\t\t\t<a class=\"elementor-button elementor-button-link elementor-size-sm\" href=\"https:\/\/labruncheria.espaciosaintmari.com.ar\/menu_en\">\n\t\t\t\t\t\t<span class=\"elementor-button-content-wrapper\">\n\t\t\t\t\t\t\t\t\t<span class=\"elementor-button-text\">ENGLISH MENU<\/span>\n\t\t\t\t\t<\/span>\n\t\t\t\t\t<\/a>\n\t\t\t\t<\/div>\n\t\t\t\t\t\t\t\t<\/div>\n\t\t\t\t<\/div>\n\t\t\t\t\t<\/div>\n\t\t<\/div>\n\t\t\t\t\t<\/div>\n\t\t<\/section>\n\t\t\t\t<\/div>\n\t\t","protected":false},"excerpt":{"rendered":"<p>Mucho m\u00e1s que un caf\u00e9. MEN\u00da ENGLISH MENU<\/p>\n","protected":false},"author":1,"featured_media":0,"parent":0,"menu_order":0,"comment_status":"closed","ping_status":"closed","template":"qi-full-width.php","meta":{"footnotes":""},"class_list":["post-1223","page","type-page","status-publish","hentry"],"yoast_head":"<!-- This site is optimized with the Yoast SEO plugin v27.2 - https:\/\/yoast.com\/product\/yoast-seo-wordpress\/ -->\n<title>Home - La Bruncher\u00eda<\/title>\n<meta name=\"robots\" content=\"index, follow, max-snippet:-1, max-image-preview:large, max-video-preview:-1\" \/>\n<link rel=\"canonical\" href=\"https:\/\/labruncheria.espaciosaintmari.com.ar\/\" \/>\n<meta property=\"og:locale\" content=\"es_ES\" \/>\n<meta property=\"og:type\" content=\"article\" \/>\n<meta property=\"og:title\" content=\"Home - La Bruncher\u00eda\" \/>\n<meta property=\"og:description\" content=\"Mucho m\u00e1s que un caf\u00e9. MEN\u00da ENGLISH MENU\" \/>\n<meta property=\"og:url\" content=\"https:\/\/labruncheria.espaciosaintmari.com.ar\/\" \/>\n<meta property=\"og:site_name\" content=\"La Bruncher\u00eda\" \/>\n<meta property=\"article:publisher\" content=\"https:\/\/www.facebook.com\/labruncheria.mza\/\" \/>\n<meta property=\"article:modified_time\" content=\"2026-04-01T17:17:16+00:00\" \/>\n<meta property=\"og:image\" content=\"https:\/\/labruncheria.espaciosaintmari.com.ar\/wp-content\/uploads\/2022\/11\/Recurso-2.png\" \/>\n\t<meta property=\"og:image:width\" content=\"3142\" \/>\n\t<meta property=\"og:image:height\" content=\"1372\" \/>\n\t<meta property=\"og:image:type\" content=\"image\/png\" \/>\n<meta name=\"twitter:label1\" content=\"Tiempo de lectura\" \/>\n\t<meta name=\"twitter:data1\" content=\"1 minuto\" \/>\n<script type=\"application\/ld+json\" class=\"yoast-schema-graph\">{\"@context\":\"https:\/\/schema.org\",\"@graph\":[{\"@type\":\"WebPage\",\"@id\":\"https:\/\/labruncheria.espaciosaintmari.com.ar\/\",\"url\":\"https:\/\/labruncheria.espaciosaintmari.com.ar\/\",\"name\":\"Home - La Bruncher\u00eda\",\"isPartOf\":{\"@id\":\"https:\/\/labruncheria.espaciosaintmari.com.ar\/#website\"},\"primaryImageOfPage\":{\"@id\":\"https:\/\/labruncheria.espaciosaintmari.com.ar\/#primaryimage\"},\"image\":{\"@id\":\"https:\/\/labruncheria.espaciosaintmari.com.ar\/#primaryimage\"},\"thumbnailUrl\":\"https:\/\/labruncheria.espaciosaintmari.com.ar\/wp-content\/uploads\/2022\/11\/Recurso-2-1024x447.png\",\"datePublished\":\"2020-10-05T14:23:25+00:00\",\"dateModified\":\"2026-04-01T17:17:16+00:00\",\"breadcrumb\":{\"@id\":\"https:\/\/labruncheria.espaciosaintmari.com.ar\/#breadcrumb\"},\"inLanguage\":\"es\",\"potentialAction\":[{\"@type\":\"ReadAction\",\"target\":[\"https:\/\/labruncheria.espaciosaintmari.com.ar\/\"]}]},{\"@type\":\"ImageObject\",\"inLanguage\":\"es\",\"@id\":\"https:\/\/labruncheria.espaciosaintmari.com.ar\/#primaryimage\",\"url\":\"https:\/\/labruncheria.espaciosaintmari.com.ar\/wp-content\/uploads\/2022\/11\/Recurso-2.png\",\"contentUrl\":\"https:\/\/labruncheria.espaciosaintmari.com.ar\/wp-content\/uploads\/2022\/11\/Recurso-2.png\",\"width\":3142,\"height\":1372},{\"@type\":\"BreadcrumbList\",\"@id\":\"https:\/\/labruncheria.espaciosaintmari.com.ar\/#breadcrumb\",\"itemListElement\":[{\"@type\":\"ListItem\",\"position\":1,\"name\":\"Portada\",\"item\":\"https:\/\/labruncheria.espaciosaintmari.com.ar\/\"},{\"@type\":\"ListItem\",\"position\":2,\"name\":\"Home\"}]},{\"@type\":\"WebSite\",\"@id\":\"https:\/\/labruncheria.espaciosaintmari.com.ar\/#website\",\"url\":\"https:\/\/labruncheria.espaciosaintmari.com.ar\/\",\"name\":\"La Bruncher\u00eda\",\"description\":\"Apart and Coffee\",\"publisher\":{\"@id\":\"https:\/\/labruncheria.espaciosaintmari.com.ar\/#organization\"},\"potentialAction\":[{\"@type\":\"SearchAction\",\"target\":{\"@type\":\"EntryPoint\",\"urlTemplate\":\"https:\/\/labruncheria.espaciosaintmari.com.ar\/?s={search_term_string}\"},\"query-input\":{\"@type\":\"PropertyValueSpecification\",\"valueRequired\":true,\"valueName\":\"search_term_string\"}}],\"inLanguage\":\"es\"},{\"@type\":\"Organization\",\"@id\":\"https:\/\/labruncheria.espaciosaintmari.com.ar\/#organization\",\"name\":\"La Bruncher\u00eda\",\"url\":\"https:\/\/labruncheria.espaciosaintmari.com.ar\/\",\"logo\":{\"@type\":\"ImageObject\",\"inLanguage\":\"es\",\"@id\":\"https:\/\/labruncheria.espaciosaintmari.com.ar\/#\/schema\/logo\/image\/\",\"url\":\"https:\/\/labruncheria.espaciosaintmari.com\/wp-content\/uploads\/2022\/12\/logo.jpg\",\"contentUrl\":\"https:\/\/labruncheria.espaciosaintmari.com\/wp-content\/uploads\/2022\/12\/logo.jpg\",\"width\":512,\"height\":512,\"caption\":\"La Bruncher\u00eda\"},\"image\":{\"@id\":\"https:\/\/labruncheria.espaciosaintmari.com.ar\/#\/schema\/logo\/image\/\"},\"sameAs\":[\"https:\/\/www.facebook.com\/labruncheria.mza\/\",\"https:\/\/www.instagram.com\/labruncheria.mza\/\"]}]}<\/script>\n<!-- \/ Yoast SEO plugin. -->","yoast_head_json":{"title":"Home - La Bruncher\u00eda","robots":{"index":"index","follow":"follow","max-snippet":"max-snippet:-1","max-image-preview":"max-image-preview:large","max-video-preview":"max-video-preview:-1"},"canonical":"https:\/\/labruncheria.espaciosaintmari.com.ar\/","og_locale":"es_ES","og_type":"article","og_title":"Home - La Bruncher\u00eda","og_description":"Mucho m\u00e1s que un caf\u00e9. MEN\u00da ENGLISH MENU","og_url":"https:\/\/labruncheria.espaciosaintmari.com.ar\/","og_site_name":"La Bruncher\u00eda","article_publisher":"https:\/\/www.facebook.com\/labruncheria.mza\/","article_modified_time":"2026-04-01T17:17:16+00:00","og_image":[{"width":3142,"height":1372,"url":"https:\/\/labruncheria.espaciosaintmari.com.ar\/wp-content\/uploads\/2022\/11\/Recurso-2.png","type":"image\/png"}],"twitter_misc":{"Tiempo de lectura":"1 minuto"},"schema":{"@context":"https:\/\/schema.org","@graph":[{"@type":"WebPage","@id":"https:\/\/labruncheria.espaciosaintmari.com.ar\/","url":"https:\/\/labruncheria.espaciosaintmari.com.ar\/","name":"Home - La Bruncher\u00eda","isPartOf":{"@id":"https:\/\/labruncheria.espaciosaintmari.com.ar\/#website"},"primaryImageOfPage":{"@id":"https:\/\/labruncheria.espaciosaintmari.com.ar\/#primaryimage"},"image":{"@id":"https:\/\/labruncheria.espaciosaintmari.com.ar\/#primaryimage"},"thumbnailUrl":"https:\/\/labruncheria.espaciosaintmari.com.ar\/wp-content\/uploads\/2022\/11\/Recurso-2-1024x447.png","datePublished":"2020-10-05T14:23:25+00:00","dateModified":"2026-04-01T17:17:16+00:00","breadcrumb":{"@id":"https:\/\/labruncheria.espaciosaintmari.com.ar\/#breadcrumb"},"inLanguage":"es","potentialAction":[{"@type":"ReadAction","target":["https:\/\/labruncheria.espaciosaintmari.com.ar\/"]}]},{"@type":"ImageObject","inLanguage":"es","@id":"https:\/\/labruncheria.espaciosaintmari.com.ar\/#primaryimage","url":"https:\/\/labruncheria.espaciosaintmari.com.ar\/wp-content\/uploads\/2022\/11\/Recurso-2.png","contentUrl":"https:\/\/labruncheria.espaciosaintmari.com.ar\/wp-content\/uploads\/2022\/11\/Recurso-2.png","width":3142,"height":1372},{"@type":"BreadcrumbList","@id":"https:\/\/labruncheria.espaciosaintmari.com.ar\/#breadcrumb","itemListElement":[{"@type":"ListItem","position":1,"name":"Portada","item":"https:\/\/labruncheria.espaciosaintmari.com.ar\/"},{"@type":"ListItem","position":2,"name":"Home"}]},{"@type":"WebSite","@id":"https:\/\/labruncheria.espaciosaintmari.com.ar\/#website","url":"https:\/\/labruncheria.espaciosaintmari.com.ar\/","name":"La Bruncher\u00eda","description":"Apart and Coffee","publisher":{"@id":"https:\/\/labruncheria.espaciosaintmari.com.ar\/#organization"},"potentialAction":[{"@type":"SearchAction","target":{"@type":"EntryPoint","urlTemplate":"https:\/\/labruncheria.espaciosaintmari.com.ar\/?s={search_term_string}"},"query-input":{"@type":"PropertyValueSpecification","valueRequired":true,"valueName":"search_term_string"}}],"inLanguage":"es"},{"@type":"Organization","@id":"https:\/\/labruncheria.espaciosaintmari.com.ar\/#organization","name":"La Bruncher\u00eda","url":"https:\/\/labruncheria.espaciosaintmari.com.ar\/","logo":{"@type":"ImageObject","inLanguage":"es","@id":"https:\/\/labruncheria.espaciosaintmari.com.ar\/#\/schema\/logo\/image\/","url":"https:\/\/labruncheria.espaciosaintmari.com\/wp-content\/uploads\/2022\/12\/logo.jpg","contentUrl":"https:\/\/labruncheria.espaciosaintmari.com\/wp-content\/uploads\/2022\/12\/logo.jpg","width":512,"height":512,"caption":"La Bruncher\u00eda"},"image":{"@id":"https:\/\/labruncheria.espaciosaintmari.com.ar\/#\/schema\/logo\/image\/"},"sameAs":["https:\/\/www.facebook.com\/labruncheria.mza\/","https:\/\/www.instagram.com\/labruncheria.mza\/"]}]}},"_links":{"self":[{"href":"https:\/\/labruncheria.espaciosaintmari.com.ar\/index.php\/wp-json\/wp\/v2\/pages\/1223","targetHints":{"allow":["GET"]}}],"collection":[{"href":"https:\/\/labruncheria.espaciosaintmari.com.ar\/index.php\/wp-json\/wp\/v2\/pages"}],"about":[{"href":"https:\/\/labruncheria.espaciosaintmari.com.ar\/index.php\/wp-json\/wp\/v2\/types\/page"}],"author":[{"embeddable":true,"href":"https:\/\/labruncheria.espaciosaintmari.com.ar\/index.php\/wp-json\/wp\/v2\/users\/1"}],"replies":[{"embeddable":true,"href":"https:\/\/labruncheria.espaciosaintmari.com.ar\/index.php\/wp-json\/wp\/v2\/comments?post=1223"}],"version-history":[{"count":120,"href":"https:\/\/labruncheria.espaciosaintmari.com.ar\/index.php\/wp-json\/wp\/v2\/pages\/1223\/revisions"}],"predecessor-version":[{"id":2262,"href":"https:\/\/labruncheria.espaciosaintmari.com.ar\/index.php\/wp-json\/wp\/v2\/pages\/1223\/revisions\/2262"}],"wp:attachment":[{"href":"https:\/\/labruncheria.espaciosaintmari.com.ar\/index.php\/wp-json\/wp\/v2\/media?parent=1223"}],"curies":[{"name":"wp","href":"https:\/\/api.w.org\/{rel}","templated":true}]}}